{"id":98,"date":"2021-05-07T19:45:24","date_gmt":"2021-05-07T19:45:24","guid":{"rendered":"http:\/\/127.0.0.1\/OMI%20HAITI\/?page_id=98"},"modified":"2021-05-07T19:45:24","modified_gmt":"2021-05-07T19:45:24","slug":"honorons-nos-aines-2","status":"publish","type":"page","link":"https:\/\/omihaiti.org\/index.php\/honorons-nos-aines-2\/","title":{"rendered":"HONORONS NOS AIN\u00c9S"},"content":{"rendered":"\n<p>\u00c0 l\u2019occasion du jubil\u00e9 des 75 ans de pr\u00e9sence Oblate en Ha\u00efti, seront honor\u00e9es\ncertaines personnalit\u00e9s dont Mgrs Alix Verrier et Willy Rom\u00e9lus, PP. Price\nDorismond et Jacques Percy qui c\u00e9l\u00e8brent cette ann\u00e9e leur soixanti\u00e8me\nanniversaire de sacerdoce&nbsp;; ainsi que les Fr\u00e8res Antoine Dominique et Duly\nCharles, deux t\u00e9moins fid\u00e8les de la spiritualit\u00e9 oblate.<\/p>\n","protected":false},"excerpt":{"rendered":"<p>\u00c0 l\u2019occasion du jubil\u00e9 des 75 ans de pr\u00e9sence Oblate en Ha\u00efti, seront honor\u00e9es certaines personnalit\u00e9s dont Mgrs Alix Verrier et Willy Rom\u00e9lus, PP. Price Dorismond et Jacques Percy qui c\u00e9l\u00e8brent cette ann\u00e9e leur soixanti\u00e8me anniversaire de sacerdoce&nbsp;; ainsi que les Fr\u00e8res Antoine Dominique et Duly Charles, deux t\u00e9moins fid\u00e8les de la spiritualit\u00e9 oblate.<\/p>\n","protected":false},"author":1,"featured_media":0,"parent":0,"menu_order":0,"comment_status":"closed","ping_status":"closed","template":"","meta":{"footnotes":""},"class_list":["post-98","page","type-page","status-publish","hentry"],"_links":{"self":[{"href":"https:\/\/omihaiti.org\/index.php\/wp-json\/wp\/v2\/pages\/98","targetHints":{"allow":["GET"]}}],"collection":[{"href":"https:\/\/omihaiti.org\/index.php\/wp-json\/wp\/v2\/pages"}],"about":[{"href":"https:\/\/omihaiti.org\/index.php\/wp-json\/wp\/v2\/types\/page"}],"author":[{"embeddable":true,"href":"https:\/\/omihaiti.org\/index.php\/wp-json\/wp\/v2\/users\/1"}],"replies":[{"embeddable":true,"href":"https:\/\/omihaiti.org\/index.php\/wp-json\/wp\/v2\/comments?post=98"}],"version-history":[{"count":1,"href":"https:\/\/omihaiti.org\/index.php\/wp-json\/wp\/v2\/pages\/98\/revisions"}],"predecessor-version":[{"id":99,"href":"https:\/\/omihaiti.org\/index.php\/wp-json\/wp\/v2\/pages\/98\/revisions\/99"}],"wp:attachment":[{"href":"https:\/\/omihaiti.org\/index.php\/wp-json\/wp\/v2\/media?parent=98"}],"curies":[{"name":"wp","href":"https:\/\/api.w.org\/{rel}","templated":true}]}}