{"id":96,"date":"2021-05-07T19:44:11","date_gmt":"2021-05-07T19:44:11","guid":{"rendered":"http:\/\/127.0.0.1\/OMI%20HAITI\/?page_id=96"},"modified":"2021-05-08T14:23:21","modified_gmt":"2021-05-08T14:23:21","slug":"amicale-ammi","status":"publish","type":"page","link":"https:\/\/omihaiti.org\/index.php\/amicale-ammi\/","title":{"rendered":"AMICALE \/ AMMI"},"content":{"rendered":"\n<p>\u00c0 l\u2019occasion des festivit\u00e9s li\u00e9es au jubil\u00e9 des 75 ans de pr\u00e9sence missionnaire\ndes Oblats de Marie Immacul\u00e9e en Ha\u00efti, pr\u00e9vues \u00e0 Mazenod,Camp-Perrin, les 18\net 19 mai prochains, (et auxquelles sont&nbsp;\ninvit\u00e9s les anciens de Mazenod et du Coll\u00e8ge Saint Jean ainsi que nos\ncollaborateurs actuels),les responsables dela Congr\u00e9gationproc\u00e9deront au lancement de l\u2019Amicale et de\nl\u2019Association Missionnaire.<\/p>\n\n\n\n<p>Les anciens de Mazenod et de CSJ peuvent confirmer leur appartenance \u00e0 l\u2019Amicale (AMCSJ) autant qu\u2019\u00e0 l\u2019AMMI (Association Missionnaire de Marie Immacul\u00e9e), s\u2019ils le d\u00e9sirent.Les collaborateurs peuvent s\u2019inscrire \u00e0 l\u2019AMMI.<\/p>\n\n\n\n<p><strong>Pour acc\u00e9der \u00e0 la liste provisoire des anciens de Mazenod et du CSJ<\/strong>,\u00a0<a href=\"http:\/\/127.0.0.1\/OMI%20HAITI\/wp-content\/uploads\/2021\/05\/AMCSJ-Liste18.pdf\">cliquer\u00a0ici.<\/a> <\/p>\n","protected":false},"excerpt":{"rendered":"<p>\u00c0 l\u2019occasion des festivit\u00e9s li\u00e9es au jubil\u00e9 des 75 ans de pr\u00e9sence missionnaire des Oblats de Marie Immacul\u00e9e en Ha\u00efti, pr\u00e9vues \u00e0 Mazenod,Camp-Perrin, les 18 et 19 mai prochains, (et auxquelles sont&nbsp; invit\u00e9s les anciens de Mazenod et du Coll\u00e8ge Saint Jean ainsi que nos collaborateurs actuels),les responsables dela Congr\u00e9gationproc\u00e9deront au lancement de l\u2019Amicale et [&hellip;]<\/p>\n","protected":false},"author":1,"featured_media":0,"parent":0,"menu_order":0,"comment_status":"closed","ping_status":"closed","template":"","meta":{"footnotes":""},"class_list":["post-96","page","type-page","status-publish","hentry"],"_links":{"self":[{"href":"https:\/\/omihaiti.org\/index.php\/wp-json\/wp\/v2\/pages\/96","targetHints":{"allow":["GET"]}}],"collection":[{"href":"https:\/\/omihaiti.org\/index.php\/wp-json\/wp\/v2\/pages"}],"about":[{"href":"https:\/\/omihaiti.org\/index.php\/wp-json\/wp\/v2\/types\/page"}],"author":[{"embeddable":true,"href":"https:\/\/omihaiti.org\/index.php\/wp-json\/wp\/v2\/users\/1"}],"replies":[{"embeddable":true,"href":"https:\/\/omihaiti.org\/index.php\/wp-json\/wp\/v2\/comments?post=96"}],"version-history":[{"count":3,"href":"https:\/\/omihaiti.org\/index.php\/wp-json\/wp\/v2\/pages\/96\/revisions"}],"predecessor-version":[{"id":122,"href":"https:\/\/omihaiti.org\/index.php\/wp-json\/wp\/v2\/pages\/96\/revisions\/122"}],"wp:attachment":[{"href":"https:\/\/omihaiti.org\/index.php\/wp-json\/wp\/v2\/media?parent=96"}],"curies":[{"name":"wp","href":"https:\/\/api.w.org\/{rel}","templated":true}]}}