{"id":86,"date":"2021-05-07T19:32:50","date_gmt":"2021-05-07T19:32:50","guid":{"rendered":"http:\/\/127.0.0.1\/OMI%20HAITI\/?page_id=86"},"modified":"2021-05-08T14:39:39","modified_gmt":"2021-05-08T14:39:39","slug":"missions","status":"publish","type":"page","link":"https:\/\/omihaiti.org\/index.php\/missions\/","title":{"rendered":"MISSIONS"},"content":{"rendered":"\n<p>La Province Oblate d\u2019Ha\u00efti administre deux missions \u00e0 l\u2019ext\u00e9rieur, celle de la Colombie et celle de la Guyane Fran\u00e7aise.<\/p>\n\n\n\n<ol class=\"wp-block-list\"><li>La Mission de Colombie a \u00e9t\u00e9 fond\u00e9e en 1993 par le R\u00e9v. P. Pierre-Antoine Paulo, OMI (aujourd\u2019hui \u00e9v\u00eaque de Fort-Libert\u00e9). Il \u00e9tait accompagn\u00e9 des scolastiques Raymond Moncoeur et Dieusait Charles, aujourd\u2019hui d\u00e9c\u00e9d\u00e9s. Parmi les pionniers se trouvent aussi les P\u00e8res Antoine St Hilaire et FrisnerAnglade. Aujourd\u2019hui, la Mission de Colombie, qui f\u00eate ses 25 ans de fondation, est administr\u00e9e par le R\u00e9v\u00e9rend P\u00e8re H\u00e9bert Morose, Sup\u00e9rieur, les Conseillers, PP. H\u00e9rickJamin et Darwin EdgardoBarraza, et l\u2019\u00c9conome, P. Antoine Mario Fanfan. Cette mission compte pour l\u2019instant 16 Oblats dont 8 Ha\u00eftiens et 8 Colombiens vivant ou travaillant \u00e0 Cartagena, Bogot\u00e1 et Medell\u00edn.<\/li><li>La Mission de Guyane Fran\u00e7aise a \u00e9t\u00e9 fond\u00e9e en 1993 conjointement par les Provinces oblates de Farnce et d\u2019Ha\u00efti. Parmi les pionniers se trouvent les P\u00e8res Georges Laudin, \u00c9lie Lagrille, John St Cyr et R\u00e9ginal Gabriel. Aujourd\u2019hui, la Mission de Guyane Fran\u00e7aise, est administr\u00e9e par le R\u00e9v\u00e9rend P\u00e8re Kenn\u00e9dy L\u00e9on, Sup\u00e9rieur, les Conseillers, PP. Antoine ChyYang et Jean Camille M\u00e9sidor, et l\u2019\u00c9conome, P. \u00c9lie Lagrille. Cette mission compte pour l\u2019instant 13 Oblats dont 8 Ha\u00eftiens, 2 Fran\u00e7ais et 1 Laotien vivant ou travaillant dans plusieurs paroisses du dioc\u00e8se de Cayenne.<\/li><\/ol>\n","protected":false},"excerpt":{"rendered":"<p>La Province Oblate d\u2019Ha\u00efti administre deux missions \u00e0 l\u2019ext\u00e9rieur, celle de la Colombie et celle de la Guyane Fran\u00e7aise. La Mission de Colombie a \u00e9t\u00e9 fond\u00e9e en 1993 par le R\u00e9v. P. Pierre-Antoine Paulo, OMI (aujourd\u2019hui \u00e9v\u00eaque de Fort-Libert\u00e9). Il \u00e9tait accompagn\u00e9 des scolastiques Raymond Moncoeur et Dieusait Charles, aujourd\u2019hui d\u00e9c\u00e9d\u00e9s. Parmi les pionniers se [&hellip;]<\/p>\n","protected":false},"author":1,"featured_media":0,"parent":0,"menu_order":0,"comment_status":"closed","ping_status":"closed","template":"","meta":{"footnotes":""},"class_list":["post-86","page","type-page","status-publish","hentry"],"_links":{"self":[{"href":"https:\/\/omihaiti.org\/index.php\/wp-json\/wp\/v2\/pages\/86","targetHints":{"allow":["GET"]}}],"collection":[{"href":"https:\/\/omihaiti.org\/index.php\/wp-json\/wp\/v2\/pages"}],"about":[{"href":"https:\/\/omihaiti.org\/index.php\/wp-json\/wp\/v2\/types\/page"}],"author":[{"embeddable":true,"href":"https:\/\/omihaiti.org\/index.php\/wp-json\/wp\/v2\/users\/1"}],"replies":[{"embeddable":true,"href":"https:\/\/omihaiti.org\/index.php\/wp-json\/wp\/v2\/comments?post=86"}],"version-history":[{"count":2,"href":"https:\/\/omihaiti.org\/index.php\/wp-json\/wp\/v2\/pages\/86\/revisions"}],"predecessor-version":[{"id":127,"href":"https:\/\/omihaiti.org\/index.php\/wp-json\/wp\/v2\/pages\/86\/revisions\/127"}],"wp:attachment":[{"href":"https:\/\/omihaiti.org\/index.php\/wp-json\/wp\/v2\/media?parent=86"}],"curies":[{"name":"wp","href":"https:\/\/api.w.org\/{rel}","templated":true}]}}