{"id":791,"date":"2023-04-04T11:25:26","date_gmt":"2023-04-04T11:25:26","guid":{"rendered":"https:\/\/omihaiti.org\/?page_id=791"},"modified":"2023-04-04T11:44:13","modified_gmt":"2023-04-04T11:44:13","slug":"quelques-images-de-la-visite-des-consulteurs-en-haiti","status":"publish","type":"page","link":"https:\/\/omihaiti.org\/index.php\/quelques-images-de-la-visite-des-consulteurs-en-haiti\/","title":{"rendered":"Quelques images de la visite des Consulteurs en Ha\u00efti"},"content":{"rendered":"\n<p>Les Consulteurs Antoni et Jorge, respectivement Vicaire g\u00e9n\u00e9ral et\nConseiller g\u00e9n\u00e9ral pour l\u2019Am\u00e9rique Latine, ont visit\u00e9 la Province d\u2019Ha\u00efti du 16\nau 31 mars dans le cadre des consultations en vue du renouvellement de l\u2019Administration\nProvinciale.&nbsp;<\/p>\n\n\n\n<p>Arriv\u00e9s \u00e0 Port-au-Prince, ils ont \u00e9t\u00e9, comme de juste, accueillis comme chez eux \u00e0 la Maison provinciale !<\/p>\n\n\n\n<p>Apr\u00e8s un bon temps de repos le lendemain, puisque le voyage depuis Rome\n\u00e9tait particuli\u00e8rement long, ils ont rencontr\u00e9 le Provincial ainsi que d\u2019autres\nconfr\u00e8res de la Maison provinciale.&nbsp;<\/p>\n\n\n\n<p>Le lendemain d\u00e9j\u00e0 ils prenaient l\u2019avion pour le Cap-Ha\u00eftien o\u00f9 le P\u00e8re Stanley Cass\u00e9us les attendait \u00e0 l\u2019a\u00e9rogare. De l\u00e0, ils ont visit\u00e9 toutes les paroisses et r\u00e9sidences du district du Nord\/Nord-Est. La visite a \u00e9t\u00e9 planifi\u00e9e de telle sorte qu\u2019en g\u00e9n\u00e9ral la r\u00e9sidence qui re\u00e7oit les Consulteurs assure leur transport \u00e0 leur prochaine destination. Ainsi ils ont vu certaines \u0153uvres qui font la fiert\u00e9 des Oblats, comme l\u2019institution Jean-Paul II. <\/p>\n\n\n\n<figure class=\"wp-block-image\"><img loading=\"lazy\" decoding=\"async\" width=\"1024\" height=\"491\" src=\"https:\/\/omihaiti.org\/wp-content\/uploads\/2023\/04\/Repas-au-Cap-Ha\u00eftien-1024x491.jpg\" alt=\"\" class=\"wp-image-748\" srcset=\"https:\/\/omihaiti.org\/wp-content\/uploads\/2023\/04\/Repas-au-Cap-Ha\u00eftien-1024x491.jpg 1024w, https:\/\/omihaiti.org\/wp-content\/uploads\/2023\/04\/Repas-au-Cap-Ha\u00eftien-300x144.jpg 300w, https:\/\/omihaiti.org\/wp-content\/uploads\/2023\/04\/Repas-au-Cap-Ha\u00eftien-768x368.jpg 768w, https:\/\/omihaiti.org\/wp-content\/uploads\/2023\/04\/Repas-au-Cap-Ha\u00eftien.jpg 1080w\" sizes=\"auto, (max-width: 1024px) 100vw, 1024px\" \/><figcaption>Repas au CapHa\u00eftien<\/figcaption><\/figure>\n\n\n\n<figure class=\"wp-block-image\"><img loading=\"lazy\" decoding=\"async\" width=\"1024\" height=\"503\" src=\"https:\/\/omihaiti.org\/wp-content\/uploads\/2023\/04\/Arriv\u00e9e-\u00e0-lInstitution-Jean-Paul-II-1024x503.jpg\" alt=\"\" class=\"wp-image-761\" srcset=\"https:\/\/omihaiti.org\/wp-content\/uploads\/2023\/04\/Arriv\u00e9e-\u00e0-lInstitution-Jean-Paul-II-1024x503.jpg 1024w, https:\/\/omihaiti.org\/wp-content\/uploads\/2023\/04\/Arriv\u00e9e-\u00e0-lInstitution-Jean-Paul-II-300x147.jpg 300w, https:\/\/omihaiti.org\/wp-content\/uploads\/2023\/04\/Arriv\u00e9e-\u00e0-lInstitution-Jean-Paul-II-768x377.jpg 768w, https:\/\/omihaiti.org\/wp-content\/uploads\/2023\/04\/Arriv\u00e9e-\u00e0-lInstitution-Jean-Paul-II.jpg 1080w\" sizes=\"auto, (max-width: 1024px) 100vw, 1024px\" \/><figcaption>Arriv\u00e9e \u00e0 l&#8217;Institution Jean Paul II, \u00e0 Ouanaminthe<\/figcaption><\/figure>\n\n\n\n<figure class=\"wp-block-image\"><img loading=\"lazy\" decoding=\"async\" width=\"1024\" height=\"529\" src=\"https:\/\/omihaiti.org\/wp-content\/uploads\/2023\/04\/Rencontre-avec-les-\u00e9l\u00e8ves-de-linstitution-Jean-Paul-II-1024x529.jpg\" alt=\"\" class=\"wp-image-747\" srcset=\"https:\/\/omihaiti.org\/wp-content\/uploads\/2023\/04\/Rencontre-avec-les-\u00e9l\u00e8ves-de-linstitution-Jean-Paul-II-1024x529.jpg 1024w, https:\/\/omihaiti.org\/wp-content\/uploads\/2023\/04\/Rencontre-avec-les-\u00e9l\u00e8ves-de-linstitution-Jean-Paul-II-300x155.jpg 300w, https:\/\/omihaiti.org\/wp-content\/uploads\/2023\/04\/Rencontre-avec-les-\u00e9l\u00e8ves-de-linstitution-Jean-Paul-II-768x397.jpg 768w, https:\/\/omihaiti.org\/wp-content\/uploads\/2023\/04\/Rencontre-avec-les-\u00e9l\u00e8ves-de-linstitution-Jean-Paul-II.jpg 1080w\" sizes=\"auto, (max-width: 1024px) 100vw, 1024px\" \/><figcaption>Rencontre avec les \u00e9l\u00e8ves de l&#8217;Institution Jean Paul II<\/figcaption><\/figure>\n\n\n\n<figure class=\"wp-block-image\"><img loading=\"lazy\" decoding=\"async\" width=\"1024\" height=\"510\" src=\"https:\/\/omihaiti.org\/wp-content\/uploads\/2023\/04\/\u00c0-l\u00e9cole-de-Carice-1024x510.jpg\" alt=\"\" class=\"wp-image-749\" srcset=\"https:\/\/omihaiti.org\/wp-content\/uploads\/2023\/04\/\u00c0-l\u00e9cole-de-Carice-1024x510.jpg 1024w, https:\/\/omihaiti.org\/wp-content\/uploads\/2023\/04\/\u00c0-l\u00e9cole-de-Carice-300x149.jpg 300w, https:\/\/omihaiti.org\/wp-content\/uploads\/2023\/04\/\u00c0-l\u00e9cole-de-Carice-768x383.jpg 768w, https:\/\/omihaiti.org\/wp-content\/uploads\/2023\/04\/\u00c0-l\u00e9cole-de-Carice.jpg 1080w\" sizes=\"auto, (max-width: 1024px) 100vw, 1024px\" \/><figcaption>\u00c0 l&#8217;\u00e9cole de Carice<\/figcaption><\/figure>\n\n\n\n<p>\u00c9videmment, il ont visit\u00e9 toutes les paroisses du district. Et les confr\u00e8res des Gona\u00efves qui le pouvaient sont all\u00e9s les rencontrer au Cap-Ha\u00eftien. L&#8217;exp\u00e9rience \u00e9tait bonne et belle partout, comme en t\u00e9moignent ces images de la paroisse de Ouanaminthe.<\/p>\n\n\n\n<figure class=\"wp-block-image\"><img loading=\"lazy\" decoding=\"async\" width=\"1024\" height=\"683\" src=\"https:\/\/omihaiti.org\/wp-content\/uploads\/2023\/04\/Eucharistie-\u00e0-Ouanaminthe-1024x683.jpg\" alt=\"\" class=\"wp-image-776\" srcset=\"https:\/\/omihaiti.org\/wp-content\/uploads\/2023\/04\/Eucharistie-\u00e0-Ouanaminthe-1024x683.jpg 1024w, https:\/\/omihaiti.org\/wp-content\/uploads\/2023\/04\/Eucharistie-\u00e0-Ouanaminthe-300x200.jpg 300w, https:\/\/omihaiti.org\/wp-content\/uploads\/2023\/04\/Eucharistie-\u00e0-Ouanaminthe-768x512.jpg 768w, https:\/\/omihaiti.org\/wp-content\/uploads\/2023\/04\/Eucharistie-\u00e0-Ouanaminthe.jpg 1080w\" sizes=\"auto, (max-width: 1024px) 100vw, 1024px\" \/><figcaption>Eucharistie \u00e0 Ouanaminthe<\/figcaption><\/figure>\n\n\n\n<figure class=\"wp-block-image\"><img loading=\"lazy\" decoding=\"async\" width=\"1024\" height=\"683\" src=\"https:\/\/omihaiti.org\/wp-content\/uploads\/2023\/04\/Antoni-au-travail-1024x683.jpg\" alt=\"\" class=\"wp-image-778\" srcset=\"https:\/\/omihaiti.org\/wp-content\/uploads\/2023\/04\/Antoni-au-travail-1024x683.jpg 1024w, https:\/\/omihaiti.org\/wp-content\/uploads\/2023\/04\/Antoni-au-travail-300x200.jpg 300w, https:\/\/omihaiti.org\/wp-content\/uploads\/2023\/04\/Antoni-au-travail-768x512.jpg 768w, https:\/\/omihaiti.org\/wp-content\/uploads\/2023\/04\/Antoni-au-travail.jpg 1080w\" sizes=\"auto, (max-width: 1024px) 100vw, 1024px\" \/><figcaption>Antoni au travail<\/figcaption><\/figure>\n\n\n\n<figure class=\"wp-block-image\"><img loading=\"lazy\" decoding=\"async\" width=\"1024\" height=\"683\" src=\"https:\/\/omihaiti.org\/wp-content\/uploads\/2023\/04\/Jorge-al-trabajo-1024x683.jpg\" alt=\"\" class=\"wp-image-777\" srcset=\"https:\/\/omihaiti.org\/wp-content\/uploads\/2023\/04\/Jorge-al-trabajo-1024x683.jpg 1024w, https:\/\/omihaiti.org\/wp-content\/uploads\/2023\/04\/Jorge-al-trabajo-300x200.jpg 300w, https:\/\/omihaiti.org\/wp-content\/uploads\/2023\/04\/Jorge-al-trabajo-768x512.jpg 768w, https:\/\/omihaiti.org\/wp-content\/uploads\/2023\/04\/Jorge-al-trabajo.jpg 1080w\" sizes=\"auto, (max-width: 1024px) 100vw, 1024px\" \/><figcaption>Jorge al trabajo<\/figcaption><\/figure>\n\n\n\n<figure class=\"wp-block-image\"><img loading=\"lazy\" decoding=\"async\" width=\"1000\" height=\"750\" src=\"https:\/\/omihaiti.org\/wp-content\/uploads\/2023\/04\/Avec-la-chorale.jpg\" alt=\"\" class=\"wp-image-779\" srcset=\"https:\/\/omihaiti.org\/wp-content\/uploads\/2023\/04\/Avec-la-chorale.jpg 1000w, https:\/\/omihaiti.org\/wp-content\/uploads\/2023\/04\/Avec-la-chorale-300x225.jpg 300w, https:\/\/omihaiti.org\/wp-content\/uploads\/2023\/04\/Avec-la-chorale-768x576.jpg 768w\" sizes=\"auto, (max-width: 1000px) 100vw, 1000px\" \/><figcaption>Avec la chorale<\/figcaption><\/figure>\n\n\n\n<figure class=\"wp-block-image\"><img loading=\"lazy\" decoding=\"async\" width=\"1000\" height=\"750\" src=\"https:\/\/omihaiti.org\/wp-content\/uploads\/2023\/04\/Toujours-avec-la-chorale.jpg\" alt=\"\" class=\"wp-image-782\" srcset=\"https:\/\/omihaiti.org\/wp-content\/uploads\/2023\/04\/Toujours-avec-la-chorale.jpg 1000w, https:\/\/omihaiti.org\/wp-content\/uploads\/2023\/04\/Toujours-avec-la-chorale-300x225.jpg 300w, https:\/\/omihaiti.org\/wp-content\/uploads\/2023\/04\/Toujours-avec-la-chorale-768x576.jpg 768w\" sizes=\"auto, (max-width: 1000px) 100vw, 1000px\" \/><figcaption>Toujours avec la chorale<\/figcaption><\/figure>\n\n\n\n<figure class=\"wp-block-image\"><img loading=\"lazy\" decoding=\"async\" width=\"1000\" height=\"750\" src=\"https:\/\/omihaiti.org\/wp-content\/uploads\/2023\/04\/Avec-les-confr\u00e8res.jpg\" alt=\"\" class=\"wp-image-780\" srcset=\"https:\/\/omihaiti.org\/wp-content\/uploads\/2023\/04\/Avec-les-confr\u00e8res.jpg 1000w, https:\/\/omihaiti.org\/wp-content\/uploads\/2023\/04\/Avec-les-confr\u00e8res-300x225.jpg 300w, https:\/\/omihaiti.org\/wp-content\/uploads\/2023\/04\/Avec-les-confr\u00e8res-768x576.jpg 768w\" sizes=\"auto, (max-width: 1000px) 100vw, 1000px\" \/><figcaption>Avec les confr\u00e8res<\/figcaption><\/figure>\n\n\n\n<p>M\u00eame exp\u00e9rience dans le Sud, ou cette fois-ci le P\u00e8re Laudy M\u00e9rilant les\naccueillait \u00e0 l\u2019a\u00e9rogare pour la suite de leur visite dans les deux districts\ndes Cayes et de la C\u00f4te Sud. C\u2019est l\u00e0 qu\u2019ils ont rencontr\u00e9 le Doyen de la\nProvince \u00e0 Mazenod, le Fr\u00e8re Antoine Dominique, affectueusement appel\u00e9 par\ntous, Fr\u00e8 Dodo.<\/p>\n\n\n\n<figure class=\"wp-block-image\"><img loading=\"lazy\" decoding=\"async\" width=\"288\" height=\"640\" src=\"https:\/\/omihaiti.org\/wp-content\/uploads\/2023\/04\/Antoni-et-le-Fr\u00e8re-Dominique.jpg\" alt=\"\" class=\"wp-image-769\" srcset=\"https:\/\/omihaiti.org\/wp-content\/uploads\/2023\/04\/Antoni-et-le-Fr\u00e8re-Dominique.jpg 288w, https:\/\/omihaiti.org\/wp-content\/uploads\/2023\/04\/Antoni-et-le-Fr\u00e8re-Dominique-135x300.jpg 135w\" sizes=\"auto, (max-width: 288px) 100vw, 288px\" \/><figcaption>Antoni et le Fr\u00e8re Dominique<\/figcaption><\/figure>\n\n\n\n<figure class=\"wp-block-image\"><img loading=\"lazy\" decoding=\"async\" width=\"288\" height=\"640\" src=\"https:\/\/omihaiti.org\/wp-content\/uploads\/2023\/04\/Jorge-et-le-Fr\u00e8re-Dominique.jpg\" alt=\"\" class=\"wp-image-768\" srcset=\"https:\/\/omihaiti.org\/wp-content\/uploads\/2023\/04\/Jorge-et-le-Fr\u00e8re-Dominique.jpg 288w, https:\/\/omihaiti.org\/wp-content\/uploads\/2023\/04\/Jorge-et-le-Fr\u00e8re-Dominique-135x300.jpg 135w\" sizes=\"auto, (max-width: 288px) 100vw, 288px\" \/><figcaption>Jorge et le Fr\u00e8re Dominique<\/figcaption><\/figure>\n\n\n\n<p>\u00c0 Port-Salut, ils ont pu profiter des d\u00e9lices de la belle plage de Pointe-Sable en compagnie des confr\u00e8res Guy Carter Guerrier, Jonel Pierre et Aldayir L\u00e9on, avant de continuer leur visite sur la C\u00f4te Sud.<\/p>\n\n\n\n<figure class=\"wp-block-image\"><img loading=\"lazy\" decoding=\"async\" width=\"766\" height=\"1024\" src=\"https:\/\/omihaiti.org\/wp-content\/uploads\/2023\/04\/\u00c0-la-plage-Port-Salut-766x1024.jpg\" alt=\"\" class=\"wp-image-744\" srcset=\"https:\/\/omihaiti.org\/wp-content\/uploads\/2023\/04\/\u00c0-la-plage-Port-Salut-766x1024.jpg 766w, https:\/\/omihaiti.org\/wp-content\/uploads\/2023\/04\/\u00c0-la-plage-Port-Salut-225x300.jpg 225w, https:\/\/omihaiti.org\/wp-content\/uploads\/2023\/04\/\u00c0-la-plage-Port-Salut-768x1026.jpg 768w, https:\/\/omihaiti.org\/wp-content\/uploads\/2023\/04\/\u00c0-la-plage-Port-Salut.jpg 958w\" sizes=\"auto, (max-width: 766px) 100vw, 766px\" \/><figcaption>\u00c0 la plage &#8211; Port Salut<\/figcaption><\/figure>\n\n\n\n<figure class=\"wp-block-image\"><img loading=\"lazy\" decoding=\"async\" width=\"1024\" height=\"766\" src=\"https:\/\/omihaiti.org\/wp-content\/uploads\/2023\/04\/Avec-la-Philo-du-Coll\u00e8ge-St-Dominique-1024x766.jpg\" alt=\"\" class=\"wp-image-743\" srcset=\"https:\/\/omihaiti.org\/wp-content\/uploads\/2023\/04\/Avec-la-Philo-du-Coll\u00e8ge-St-Dominique-1024x766.jpg 1024w, https:\/\/omihaiti.org\/wp-content\/uploads\/2023\/04\/Avec-la-Philo-du-Coll\u00e8ge-St-Dominique-300x225.jpg 300w, https:\/\/omihaiti.org\/wp-content\/uploads\/2023\/04\/Avec-la-Philo-du-Coll\u00e8ge-St-Dominique-768x575.jpg 768w, https:\/\/omihaiti.org\/wp-content\/uploads\/2023\/04\/Avec-la-Philo-du-Coll\u00e8ge-St-Dominique.jpg 1280w\" sizes=\"auto, (max-width: 1024px) 100vw, 1024px\" \/><figcaption>Avec la Philo du Coll\u00e8ge St Dominique<\/figcaption><\/figure>\n\n\n\n<p>De retour \u00e0 Port-au-Prince, ils ont compl\u00e9t\u00e9 la visite en rencontrant d\u2019autres\nconfr\u00e8res, visit\u00e9 la paroisse et la r\u00e9sidence de Blanchard, le scolasticat, et\nla paroisse de Sibert. C\u2019\u00e9tait&nbsp;une gr\u00e2ce de les avoir pour partager notre\nvie quotidienne, la liturgie des&nbsp;heures, nos Eucharisties et notre table.\nLe mercredi 29 mars, Jorge a pr\u00e9sid\u00e9 \u00e0 la Messe en espagnol \u00e0 la Maison\nprovinciale et le vendredi 31, c\u2019\u00e9tait le tour d\u2019Antoni en fran\u00e7ais. Une belle\nvisite que tous les confr\u00e8res ont appr\u00e9ci\u00e9e et que nos h\u00f4tes ont trouv\u00e9e bien\norganis\u00e9e.<\/p>\n\n\n\n<figure class=\"wp-block-image\"><img loading=\"lazy\" decoding=\"async\" width=\"461\" height=\"1024\" src=\"https:\/\/omihaiti.org\/wp-content\/uploads\/2023\/04\/Anniversaire-dAntoni-le-29-mars-\u00e0-la-Maison-provinciale-461x1024.jpg\" alt=\"\" class=\"wp-image-740\" srcset=\"https:\/\/omihaiti.org\/wp-content\/uploads\/2023\/04\/Anniversaire-dAntoni-le-29-mars-\u00e0-la-Maison-provinciale-461x1024.jpg 461w, https:\/\/omihaiti.org\/wp-content\/uploads\/2023\/04\/Anniversaire-dAntoni-le-29-mars-\u00e0-la-Maison-provinciale-135x300.jpg 135w, https:\/\/omihaiti.org\/wp-content\/uploads\/2023\/04\/Anniversaire-dAntoni-le-29-mars-\u00e0-la-Maison-provinciale.jpg 576w\" sizes=\"auto, (max-width: 461px) 100vw, 461px\" \/><figcaption>Anniversaire d&#8217;Antoni le 29 mars \u00e0 la Maison provinciale<\/figcaption><\/figure>\n\n\n\n<figure class=\"wp-block-image\"><img loading=\"lazy\" decoding=\"async\" width=\"1000\" height=\"450\" src=\"https:\/\/omihaiti.org\/wp-content\/uploads\/2023\/04\/Photo-souvenir-avec-les-Conseillers.jpg\" alt=\"\" class=\"wp-image-765\" srcset=\"https:\/\/omihaiti.org\/wp-content\/uploads\/2023\/04\/Photo-souvenir-avec-les-Conseillers.jpg 1000w, https:\/\/omihaiti.org\/wp-content\/uploads\/2023\/04\/Photo-souvenir-avec-les-Conseillers-300x135.jpg 300w, https:\/\/omihaiti.org\/wp-content\/uploads\/2023\/04\/Photo-souvenir-avec-les-Conseillers-768x346.jpg 768w\" sizes=\"auto, (max-width: 1000px) 100vw, 1000px\" \/><figcaption>Photo souvenir avec l&#8217;administration provinciale<\/figcaption><\/figure>\n\n\n\n<figure class=\"wp-block-image\"><img loading=\"lazy\" decoding=\"async\" width=\"768\" height=\"1024\" src=\"https:\/\/omihaiti.org\/wp-content\/uploads\/2023\/04\/Photo-souvenir-avec-les-r\u00e9sidents-de-la-maison-provinciale-768x1024.jpg\" alt=\"\" class=\"wp-image-764\" srcset=\"https:\/\/omihaiti.org\/wp-content\/uploads\/2023\/04\/Photo-souvenir-avec-les-r\u00e9sidents-de-la-maison-provinciale-768x1024.jpg 768w, https:\/\/omihaiti.org\/wp-content\/uploads\/2023\/04\/Photo-souvenir-avec-les-r\u00e9sidents-de-la-maison-provinciale-225x300.jpg 225w, https:\/\/omihaiti.org\/wp-content\/uploads\/2023\/04\/Photo-souvenir-avec-les-r\u00e9sidents-de-la-maison-provinciale.jpg 810w\" sizes=\"auto, (max-width: 768px) 100vw, 768px\" \/><figcaption>Photo souvenir avec les r\u00e9sidents de la maison provinciale<\/figcaption><\/figure>\n\n\n\n<p>Merci \u00e0 nos chers visiteurs ! Que Dieu b\u00e9nisse l\u2019administration g\u00e9n\u00e9rale des Oblats !  Que Dieu b\u00e9nisse la Province Oblate d\u2019Ha\u00efti ! <\/p>\n\n\n\n<p><\/p>\n\n\n\n<p><\/p>\n","protected":false},"excerpt":{"rendered":"<p>Les Consulteurs Antoni et Jorge, respectivement Vicaire g\u00e9n\u00e9ral et Conseiller g\u00e9n\u00e9ral pour l\u2019Am\u00e9rique Latine, ont visit\u00e9 la Province d\u2019Ha\u00efti du 16 au 31 mars dans le cadre des consultations en vue du renouvellement de l\u2019Administration Provinciale.&nbsp; Arriv\u00e9s \u00e0 Port-au-Prince, ils ont \u00e9t\u00e9, comme de juste, accueillis comme chez eux \u00e0 la Maison provinciale ! Apr\u00e8s [&hellip;]<\/p>\n","protected":false},"author":1,"featured_media":0,"parent":0,"menu_order":0,"comment_status":"closed","ping_status":"closed","template":"","meta":{"footnotes":""},"class_list":["post-791","page","type-page","status-publish","hentry"],"_links":{"self":[{"href":"https:\/\/omihaiti.org\/index.php\/wp-json\/wp\/v2\/pages\/791","targetHints":{"allow":["GET"]}}],"collection":[{"href":"https:\/\/omihaiti.org\/index.php\/wp-json\/wp\/v2\/pages"}],"about":[{"href":"https:\/\/omihaiti.org\/index.php\/wp-json\/wp\/v2\/types\/page"}],"author":[{"embeddable":true,"href":"https:\/\/omihaiti.org\/index.php\/wp-json\/wp\/v2\/users\/1"}],"replies":[{"embeddable":true,"href":"https:\/\/omihaiti.org\/index.php\/wp-json\/wp\/v2\/comments?post=791"}],"version-history":[{"count":2,"href":"https:\/\/omihaiti.org\/index.php\/wp-json\/wp\/v2\/pages\/791\/revisions"}],"predecessor-version":[{"id":799,"href":"https:\/\/omihaiti.org\/index.php\/wp-json\/wp\/v2\/pages\/791\/revisions\/799"}],"wp:attachment":[{"href":"https:\/\/omihaiti.org\/index.php\/wp-json\/wp\/v2\/media?parent=791"}],"curies":[{"name":"wp","href":"https:\/\/api.w.org\/{rel}","templated":true}]}}