{"id":16,"date":"2021-05-07T16:03:34","date_gmt":"2021-05-07T16:03:34","guid":{"rendered":"http:\/\/127.0.0.1\/OMI%20HAITI\/?page_id=16"},"modified":"2023-01-02T17:08:05","modified_gmt":"2023-01-02T17:08:05","slug":"bulletin","status":"publish","type":"page","link":"https:\/\/omihaiti.org\/index.php\/bulletin\/","title":{"rendered":"BULLETIN"},"content":{"rendered":"\n<p><strong>Sel et lumi\u00e8re pour continuer \u00e0 \u00e9difier l\u2019\u00c9glise du Christ<\/strong><br><\/p>\n\n\n\n<div class=\"wp-block-file\"><a href=\"https:\/\/omihaiti.org\/wp-content\/uploads\/2021\/05\/Bulletin-OMI-Commentaire-cloture75e-.pdf\"> <br> <\/a><a href=\"https:\/\/omihaiti.org\/wp-content\/uploads\/2021\/05\/Bulletin-OMI-Commentaire-cloture75e-.pdf\" class=\"wp-block-file__button\" download>Download<\/a><\/div>\n\n\n\n<p><strong>Dans le relais de la course sur les pas de saint Eug\u00e8ne<\/strong><br><\/p>\n\n\n\n<div class=\"wp-block-file\"><a href=\"https:\/\/omihaiti.org\/wp-content\/uploads\/2021\/05\/Bulletin-OMI-Danaul.pdf\"> <br> <\/a><a href=\"https:\/\/omihaiti.org\/wp-content\/uploads\/2021\/05\/Bulletin-OMI-Danaul.pdf\" class=\"wp-block-file__button\" download>Download<\/a><\/div>\n\n\n\n<p>\n\nHomelie \u00e0 la c\u00e9l\u00e9bration de cl\u00f4ture du jubil\u00e9 des 75 ans de pr\u00e9sence des oblats en Ha\u00efti \n\n<\/p>\n\n\n\n<div class=\"wp-block-file\"><a href=\"https:\/\/omihaiti.org\/wp-content\/uploads\/2021\/05\/Bulletin-OMI-Homelie-75e.pdf\" class=\"wp-block-file__button\" download>Download<\/a><\/div>\n\n\n\n<p><strong>Hom\u00e9lie de Mgr Alix Verrier \u00e0 la c\u00e9l\u00e9bration d\u2019ouverture du Jubil\u00e9 des 75 ans de pr\u00e9sence <\/strong><br><strong>des Missionnaires Oblats de Marie Immacul\u00e9e en Ha\u00efti\ufeff<\/strong><\/p>\n\n\n\n<div class=\"wp-block-file\"><a href=\"https:\/\/omihaiti.org\/wp-content\/uploads\/2021\/05\/Bulletin-OMI-Homelie-Ouverture75.pdf\"> <br><br> <\/a><a href=\"https:\/\/omihaiti.org\/wp-content\/uploads\/2021\/05\/Bulletin-OMI-Homelie-Ouverture75.pdf\" class=\"wp-block-file__button\" download>Download<\/a><\/div>\n\n\n\n<p><strong>Une exhortation \u00e0 l\u2019esp\u00e9rance missionnaire et communautaire<\/strong><br><strong>dans le cadre du jubil\u00e9 des Oblats<\/strong><\/p>\n\n\n\n<div class=\"wp-block-file\"><a href=\"https:\/\/omihaiti.org\/wp-content\/uploads\/2021\/05\/Bulletin-OMI-Laurent.pdf\">  <br> <\/a><a href=\"https:\/\/omihaiti.org\/wp-content\/uploads\/2021\/05\/Bulletin-OMI-Laurent.pdf\" class=\"wp-block-file__button\" download>Download<\/a><\/div>\n\n\n\n<p><strong>Mots de remerciements du Provincial, P\u00e8re Ellince Martyr,<\/strong><br>\u00e0 la messe d\u2019ouverture des c\u00e9l\u00e9brations du 75e anniversaire des OMI en Ha\u00efti\n\n<\/p>\n\n\n\n<div class=\"wp-block-file\"><a href=\"https:\/\/omihaiti.org\/wp-content\/uploads\/2021\/05\/Bulletin-OMI-Remerciements-75e.pdf\"><br> <\/a><a href=\"https:\/\/omihaiti.org\/wp-content\/uploads\/2021\/05\/Bulletin-OMI-Remerciements-75e.pdf\" class=\"wp-block-file__button\" download>Download<\/a><\/div>\n","protected":false},"excerpt":{"rendered":"<p>Sel et lumi\u00e8re pour continuer \u00e0 \u00e9difier l\u2019\u00c9glise du Christ Dans le relais de la course sur les pas de saint Eug\u00e8ne Homelie \u00e0 la c\u00e9l\u00e9bration de cl\u00f4ture du jubil\u00e9 des 75 ans de pr\u00e9sence des oblats en Ha\u00efti Hom\u00e9lie de Mgr Alix Verrier \u00e0 la c\u00e9l\u00e9bration d\u2019ouverture du Jubil\u00e9 des 75 ans de pr\u00e9sence [&hellip;]<\/p>\n","protected":false},"author":1,"featured_media":0,"parent":0,"menu_order":0,"comment_status":"closed","ping_status":"closed","template":"","meta":{"footnotes":""},"class_list":["post-16","page","type-page","status-publish","hentry"],"_links":{"self":[{"href":"https:\/\/omihaiti.org\/index.php\/wp-json\/wp\/v2\/pages\/16","targetHints":{"allow":["GET"]}}],"collection":[{"href":"https:\/\/omihaiti.org\/index.php\/wp-json\/wp\/v2\/pages"}],"about":[{"href":"https:\/\/omihaiti.org\/index.php\/wp-json\/wp\/v2\/types\/page"}],"author":[{"embeddable":true,"href":"https:\/\/omihaiti.org\/index.php\/wp-json\/wp\/v2\/users\/1"}],"replies":[{"embeddable":true,"href":"https:\/\/omihaiti.org\/index.php\/wp-json\/wp\/v2\/comments?post=16"}],"version-history":[{"count":8,"href":"https:\/\/omihaiti.org\/index.php\/wp-json\/wp\/v2\/pages\/16\/revisions"}],"predecessor-version":[{"id":595,"href":"https:\/\/omihaiti.org\/index.php\/wp-json\/wp\/v2\/pages\/16\/revisions\/595"}],"wp:attachment":[{"href":"https:\/\/omihaiti.org\/index.php\/wp-json\/wp\/v2\/media?parent=16"}],"curies":[{"name":"wp","href":"https:\/\/api.w.org\/{rel}","templated":true}]}}