{"id":12,"date":"2021-05-07T16:02:52","date_gmt":"2021-05-07T16:02:52","guid":{"rendered":"http:\/\/127.0.0.1\/OMI%20HAITI\/?page_id=12"},"modified":"2021-05-08T14:40:38","modified_gmt":"2021-05-08T14:40:38","slug":"administration-de-la-province","status":"publish","type":"page","link":"https:\/\/omihaiti.org\/index.php\/administration-de-la-province\/","title":{"rendered":"ADMINISTRATION DE LA PROVINCE"},"content":{"rendered":"\n<p>L\u2019administration de la Province Oblate d\u2019Ha\u00efti, pour le triennat 2017-2020, est assur\u00e9e par le Provincial, P. Ellince Martyr, <\/p>\n\n\n\n<p>5\nConseillers&nbsp;: <\/p>\n\n\n\n<ol class=\"wp-block-list\"><li>PP. LaudyM\u00e9rilant,<\/li><li>Gasner Joint,<\/li><li>Jean-Fran\u00e7ois Printemps,<\/li><li>Alfred Charpentier et Adley Joseph,<\/li><li>et le Tr\u00e9sorier provincial, P. Jolicoeur Dominique.<\/li><\/ol>\n","protected":false},"excerpt":{"rendered":"<p>L\u2019administration de la Province Oblate d\u2019Ha\u00efti, pour le triennat 2017-2020, est assur\u00e9e par le Provincial, P. Ellince Martyr, 5 Conseillers&nbsp;: PP. LaudyM\u00e9rilant, Gasner Joint, Jean-Fran\u00e7ois Printemps, Alfred Charpentier et Adley Joseph, et le Tr\u00e9sorier provincial, P. Jolicoeur Dominique.<\/p>\n","protected":false},"author":1,"featured_media":0,"parent":0,"menu_order":0,"comment_status":"closed","ping_status":"closed","template":"","meta":{"footnotes":""},"class_list":["post-12","page","type-page","status-publish","hentry"],"_links":{"self":[{"href":"https:\/\/omihaiti.org\/index.php\/wp-json\/wp\/v2\/pages\/12","targetHints":{"allow":["GET"]}}],"collection":[{"href":"https:\/\/omihaiti.org\/index.php\/wp-json\/wp\/v2\/pages"}],"about":[{"href":"https:\/\/omihaiti.org\/index.php\/wp-json\/wp\/v2\/types\/page"}],"author":[{"embeddable":true,"href":"https:\/\/omihaiti.org\/index.php\/wp-json\/wp\/v2\/users\/1"}],"replies":[{"embeddable":true,"href":"https:\/\/omihaiti.org\/index.php\/wp-json\/wp\/v2\/comments?post=12"}],"version-history":[{"count":5,"href":"https:\/\/omihaiti.org\/index.php\/wp-json\/wp\/v2\/pages\/12\/revisions"}],"predecessor-version":[{"id":128,"href":"https:\/\/omihaiti.org\/index.php\/wp-json\/wp\/v2\/pages\/12\/revisions\/128"}],"wp:attachment":[{"href":"https:\/\/omihaiti.org\/index.php\/wp-json\/wp\/v2\/media?parent=12"}],"curies":[{"name":"wp","href":"https:\/\/api.w.org\/{rel}","templated":true}]}}