{"id":104,"date":"2021-05-07T19:50:14","date_gmt":"2021-05-07T19:50:14","guid":{"rendered":"http:\/\/127.0.0.1\/OMI%20HAITI\/?page_id=104"},"modified":"2023-02-21T13:43:51","modified_gmt":"2023-02-21T13:43:51","slug":"pages-dhistoire-2","status":"publish","type":"page","link":"https:\/\/omihaiti.org\/index.php\/pages-dhistoire-2\/","title":{"rendered":"PAGES D\u2019HISTOIRE"},"content":{"rendered":"\n<p><strong>L&#8217;ARRIV\u00c9E DES OBLATS EN HA\u00cfTI<\/strong><\/p>\n\n\n\n<p>L\u2019histoire de la Province Oblate d\u2019Ha\u00efti a commenc\u00e9 le 25 janvier 1943 avec l\u2019arriv\u00e9e des premiers Missionnaires\nOblats de Marie Immacul\u00e9e dans le dioc\u00e8se des Cayes, avec \u00e0 leur t\u00eate un \u00e9v\u00eaque\noblat, Mgr Jean-Louis Collignon qui venait d\u2019\u00eatre nomm\u00e9 \u00e9v\u00eaque dudit dioc\u00e8se.\nCes premiers Oblats \u00e9taient les P\u00e8res&nbsp;: Armand B\u00e9dard arriv\u00e9 en m\u00eame temps\nque lui comme chancelier, et Bruno Letarte, Laurent Fortin, Jean Bertrand, Ren\u00e9\nMoreau, Henry Langlais, Ulrick Turcotte, venus appuyer Monseigneur d\u00e8s les premiers\nmois de son arriv\u00e9e. Une ann\u00e9e apr\u00e8s, soit en 1944, un deuxi\u00e8me groupe\nmissionnaire est arriv\u00e9, compos\u00e9 des P\u00e8res franco-am\u00e9ricains&nbsp;: Omer\nDuplessis, Leonard Boucher, Louis Georges Dupont, et Gaston Le Houllier&nbsp;;\net canadiens&nbsp;: Armand Ouellet et Marcel Bolduc.<\/p>\n\n\n\n<p>Cette arriv\u00e9e des Oblats a co\u00efncid\u00e9 avec la concr\u00e9tisation des efforts du Pr\u00e9sident \u00c9lie Lescot, ancien ambassadeur d\u2019Ha\u00efti aux \u00c9tats-Unis, qui avait \u00e9crit au Pape Pie XII qui lui-m\u00eame a interc\u00e9d\u00e9 pour lui aupr\u00e8s du Sup\u00e9rieur G\u00e9n\u00e9ral des Oblats, le Tr\u00e8s R\u00e9v\u00e9rend P\u00e8re Th\u00e9odore Labour\u00e9. Celui-ci a confi\u00e9 la responsabilit\u00e9 de la d\u00e9cision \u00e0 son Vicaire G\u00e9n\u00e9ral, le R. P. Anthyme Desnoyers qui s\u2019est montr\u00e9 tr\u00e8s int\u00e9ress\u00e9 \u00e0 ce projet qui, \u00e0 son avis, \u00e9tait la volont\u00e9 de Dieu.<\/p>\n\n\n\n<p>De 1943 \u00e0 1973,\nHa\u00efti a \u00e9t\u00e9 une mission de la Province St Jean Baptiste de Lowell, au Nord\u2019Est\ndes \u00c9tats-Unis. <\/p>\n\n\n\n<p>En 1974, Elle a \u00e9t\u00e9\n\u00e9lev\u00e9 au rang de Vice-Province.<\/p>\n\n\n\n<p>En 1980, le P\u00e8re\nHubert Constant est devenu le premier Provincial Ha\u00eftien.<\/p>\n\n\n\n<p>(Source&nbsp;:\nAllocution du Provincial Oblat \u00e0 la c\u00e9l\u00e9bration eucharistique du 25 janvier\n2018).<\/p>\n\n\n\n<p style=\"text-align:center\">* * *<\/p>\n\n\n\n<p>Consultez r\u00e9guli\u00e8rement notre website\npour d\u00e9couvrir au fil des semaines un peu plus sur l\u2019histoire et la\nspiritualit\u00e9 des Oblats en Haiti.<\/p>\n","protected":false},"excerpt":{"rendered":"<p>L&#8217;ARRIV\u00c9E DES OBLATS EN HA\u00cfTI L\u2019histoire de la Province Oblate d\u2019Ha\u00efti a commenc\u00e9 le 25 janvier 1943 avec l\u2019arriv\u00e9e des premiers Missionnaires Oblats de Marie Immacul\u00e9e dans le dioc\u00e8se des Cayes, avec \u00e0 leur t\u00eate un \u00e9v\u00eaque oblat, Mgr Jean-Louis Collignon qui venait d\u2019\u00eatre nomm\u00e9 \u00e9v\u00eaque dudit dioc\u00e8se. Ces premiers Oblats \u00e9taient les P\u00e8res&nbsp;: Armand [&hellip;]<\/p>\n","protected":false},"author":1,"featured_media":0,"parent":0,"menu_order":0,"comment_status":"closed","ping_status":"closed","template":"","meta":{"footnotes":""},"class_list":["post-104","page","type-page","status-publish","hentry"],"_links":{"self":[{"href":"https:\/\/omihaiti.org\/index.php\/wp-json\/wp\/v2\/pages\/104","targetHints":{"allow":["GET"]}}],"collection":[{"href":"https:\/\/omihaiti.org\/index.php\/wp-json\/wp\/v2\/pages"}],"about":[{"href":"https:\/\/omihaiti.org\/index.php\/wp-json\/wp\/v2\/types\/page"}],"author":[{"embeddable":true,"href":"https:\/\/omihaiti.org\/index.php\/wp-json\/wp\/v2\/users\/1"}],"replies":[{"embeddable":true,"href":"https:\/\/omihaiti.org\/index.php\/wp-json\/wp\/v2\/comments?post=104"}],"version-history":[{"count":4,"href":"https:\/\/omihaiti.org\/index.php\/wp-json\/wp\/v2\/pages\/104\/revisions"}],"predecessor-version":[{"id":632,"href":"https:\/\/omihaiti.org\/index.php\/wp-json\/wp\/v2\/pages\/104\/revisions\/632"}],"wp:attachment":[{"href":"https:\/\/omihaiti.org\/index.php\/wp-json\/wp\/v2\/media?parent=104"}],"curies":[{"name":"wp","href":"https:\/\/api.w.org\/{rel}","templated":true}]}}