{"id":102,"date":"2021-05-07T19:49:03","date_gmt":"2021-05-07T19:49:03","guid":{"rendered":"http:\/\/127.0.0.1\/OMI%20HAITI\/?page_id=102"},"modified":"2024-03-14T00:17:17","modified_gmt":"2024-03-14T00:17:17","slug":"spiritualite-oblate","status":"publish","type":"page","link":"https:\/\/omihaiti.org\/index.php\/spiritualite-oblate\/","title":{"rendered":"SPIRITUALIT\u00c9 OBLATE"},"content":{"rendered":"\n<p><strong>Extrait de la pr\u00e9face des Constitutions et R\u00e8gles <\/strong><br>\u00ab L\u2019\u00c9glise, ce bel h\u00e9ritage du Sauveur, qu\u2019il avait acquise au prix de son sang, a \u00e9t\u00e9 ravag\u00e9e de nos jours d\u2019une mani\u00e8re cruelle. [\u2026] Dans cette d\u00e9plorable situation, l\u2019\u00c9glise appelle \u00e0 grands cris les ministres auxquels elle a confi\u00e9 les plus chers int\u00e9r\u00eats de son divin \u00c9poux, pour qu\u2019ils s\u2019efforcent de ramener par leurs paroles et par leurs exemples la foi pr\u00eate \u00e0 s\u2019\u00e9teindre dans le c\u0153ur d\u2019un grand nombre de ses enfants \u00bb (<em>Eug\u00e8ne de Mazenod<\/em>).  <\/p>\n\n\n\n<p><strong>Constitution 9&nbsp;: <\/strong><em>En proph\u00e8tes du monde nouveau<\/em> <br>Membres de l\u2019\u00c9glise proph\u00e9tique, les Oblats doivent \u00eatre t\u00e9moins de la justice et de la saintet\u00e9 de Dieu, tout en reconnaissant leur propre besoin de conversion. Ils annoncent la pr\u00e9sence lib\u00e9ratrice du Christ et le monde nouveau, n\u00e9 de sa r\u00e9surrection. Ils entendent et font entendre la clameur des sans voix, appel au Dieu qui renverse les puissants de leurs tr\u00f4nes et qui \u00e9l\u00e8ve les humbles (cf. Lc 1, 52). Ils accomplissent cette mission proph\u00e9tique dans la communion eccl\u00e9siale, en conformit\u00e9 avec les dispositions de la hi\u00e9rarchie et sous la d\u00e9pendance des sup\u00e9rieurs. <\/p>\n\n\n\n<p><strong>Constitution 31&nbsp;: <\/strong><em>Une vie unifi\u00e9e<\/em> <br>Les Oblats ne r\u00e9alisent l\u2019unit\u00e9 de leur vie qu\u2019en J\u00e9sus Christ et par lui. Ils sont engag\u00e9s dans des services apostoliques tr\u00e8s vari\u00e9s, et en m\u00eame temps chaque acte de leur vie est l\u2019occasion d\u2019une rencontre avec le Christ qui, par eux, se donne aux autres et par les autres, se donne \u00e0 eux.  <br>Se gardant dans une atmosph\u00e8re de silence et de paix int\u00e9rieure, ils recherchent la pr\u00e9sence du Seigneur dans le c\u0153ur des gens et les \u00e9v\u00e9nements de la vie quotidienne, aussi bien que dans la Parole de Dieu, la pri\u00e8re et les sacrements. Tels des p\u00e8lerins, ils font route avec J\u00e9sus dans la foi, l\u2019esp\u00e9rance et l\u2019amour. <\/p>\n\n\n\n<p><strong>Constitution 39&nbsp;: <\/strong><em>Partage et fraternit\u00e9<\/em> <br>Nos communaut\u00e9s se distinguent par un esprit de joie et de simplicit\u00e9. Dans le partage mutuel de ce que nous sommes et de ce que nous avons, nous trouverons accueil et soutien. Chacun mettra au service de tous ses dons d\u2019amiti\u00e9 et les talents re\u00e7us de Dieu. Un tel partage contribuera \u00e0 intensifier notre vie spirituelle, notre d\u00e9veloppement intellectuel et notre action apostolique. Responsables les uns des autres, nous saurons vivre la correction fraternelle et le pardon, dans l\u2019humilit\u00e9 et la force de la charit\u00e9. <\/p>\n\n\n\n<p>Voir quelques images de la retraite oblate de 2024 <a href=\"https:\/\/omihaiti.org\/wp-content\/uploads\/2024\/03\/Images-Retraite-OMI-2024.pdf\">en cliquant ici<\/a>.<\/p>\n","protected":false},"excerpt":{"rendered":"<p>Extrait de la pr\u00e9face des Constitutions et R\u00e8gles \u00ab L\u2019\u00c9glise, ce bel h\u00e9ritage du Sauveur, qu\u2019il avait acquise au prix de son sang, a \u00e9t\u00e9 ravag\u00e9e de nos jours d\u2019une mani\u00e8re cruelle. [\u2026] Dans cette d\u00e9plorable situation, l\u2019\u00c9glise appelle \u00e0 grands cris les ministres auxquels elle a confi\u00e9 les plus chers int\u00e9r\u00eats de son divin [&hellip;]<\/p>\n","protected":false},"author":1,"featured_media":0,"parent":0,"menu_order":0,"comment_status":"closed","ping_status":"closed","template":"","meta":{"footnotes":""},"class_list":["post-102","page","type-page","status-publish","hentry"],"_links":{"self":[{"href":"https:\/\/omihaiti.org\/index.php\/wp-json\/wp\/v2\/pages\/102","targetHints":{"allow":["GET"]}}],"collection":[{"href":"https:\/\/omihaiti.org\/index.php\/wp-json\/wp\/v2\/pages"}],"about":[{"href":"https:\/\/omihaiti.org\/index.php\/wp-json\/wp\/v2\/types\/page"}],"author":[{"embeddable":true,"href":"https:\/\/omihaiti.org\/index.php\/wp-json\/wp\/v2\/users\/1"}],"replies":[{"embeddable":true,"href":"https:\/\/omihaiti.org\/index.php\/wp-json\/wp\/v2\/comments?post=102"}],"version-history":[{"count":5,"href":"https:\/\/omihaiti.org\/index.php\/wp-json\/wp\/v2\/pages\/102\/revisions"}],"predecessor-version":[{"id":820,"href":"https:\/\/omihaiti.org\/index.php\/wp-json\/wp\/v2\/pages\/102\/revisions\/820"}],"wp:attachment":[{"href":"https:\/\/omihaiti.org\/index.php\/wp-json\/wp\/v2\/media?parent=102"}],"curies":[{"name":"wp","href":"https:\/\/api.w.org\/{rel}","templated":true}]}}